{"id":4400,"date":"2021-10-12T15:51:09","date_gmt":"2021-10-12T15:51:09","guid":{"rendered":"http:\/\/dummy.xtemos.com\/woodmart2\/elementor\/?page_id=4400"},"modified":"2025-09-02T14:36:47","modified_gmt":"2025-09-02T14:36:47","slug":"quienes-somos","status":"publish","type":"page","link":"https:\/\/gapral.es\/pt\/quienes-somos\/","title":{"rendered":"Quem somos"},"content":{"rendered":"<div data-elementor-type=\"wp-page\" data-elementor-id=\"4400\" class=\"elementor elementor-4400\" data-elementor-post-type=\"page\">\n\t\t\t\t<div class=\"wd-negative-gap elementor-element elementor-element-98aebb0 wd-section-stretch e-flex e-con-boxed e-con e-parent\" data-id=\"98aebb0\" data-element_type=\"container\" data-e-type=\"container\" data-settings=\"{&quot;background_background&quot;:&quot;classic&quot;}\">\n\t\t\t\t\t<div class=\"e-con-inner\">\n\t\t<div class=\"elementor-element elementor-element-0074d04 e-con-full e-flex e-con e-child\" data-id=\"0074d04\" data-element_type=\"container\" data-e-type=\"container\">\n\t\t\t\t<div class=\"elementor-element elementor-element-97438c1 wd-width-100 elementor-widget elementor-widget-wd_title\" data-id=\"97438c1\" data-element_type=\"widget\" data-e-type=\"widget\" data-widget_type=\"wd_title.default\">\n\t\t\t\t<div class=\"elementor-widget-container\">\n\t\t\t\t\t\t\t<div class=\"title-wrapper wd-set-mb reset-last-child wd-title-color-primary wd-title-style-default wd-title-size-large text-left\">\n\n\t\t\t\t\t\t\t\t\t\t\t<div class=\"title-subtitle subtitle-color-primary subtitle-style-default wd-fontsize-xs\">\n\t\t\t\t\tSobre a Gapral\t\t\t\t<\/div>\n\t\t\t\n\t\t\t<div class=\"liner-continer\">\n\t\t\t\t<h4 class=\"woodmart-title-container title wd-fontsize-xxl\">Trabalho coordenado e paix\u00e3o pela seguran\u00e7a.<\/h4> \n\t\t\t\t\t\t\t<\/div>\n\n\t\t\t\t\t\t\t<div class=\"title-after_title reset-last-child wd-fontsize-s\">\n\t\t\t\t\t<p>Na Gapral, tudo se resume a uma colabora\u00e7\u00e3o bem organizada e \u00e0 paix\u00e3o pelo que fazemos. Estamos orgulhosos do nosso trabalho e ainda mais orgulhosos das pessoas que o tornam poss\u00edvel.<\/p>\t\t\t\t<\/div>\n\t\t\t\t\t<\/div>\n\t\t\t\t\t\t<\/div>\n\t\t\t\t<\/div>\n\t\t\t\t<\/div>\n\t\t<div class=\"elementor-element elementor-element-cc7434b e-con-full e-flex e-con e-child\" data-id=\"cc7434b\" data-element_type=\"container\" data-e-type=\"container\">\n\t\t\t\t<div class=\"elementor-element elementor-element-89485ba elementor-widget elementor-widget-wd_infobox\" data-id=\"89485ba\" data-element_type=\"widget\" data-e-type=\"widget\" data-widget_type=\"wd_infobox.default\">\n\t\t\t\t<div class=\"elementor-widget-container\">\n\t\t\t\t\t\t\t<div class=\"info-box-wrapper\">\n\t\t\t<div class=\"wd-info-box text-left box-icon-align-top box-style-base color-scheme-\">\n\t\t\t\t\n\t\t\t\t<div class=\"info-box-content\">\n\t\t\t\t\t\n\t\t\t\t\t\t\t\t\t\t\t<h4\t\t\t\t\t\tclass=\"info-box-title title box-title-style-default wd-fontsize-m\" data-elementor-setting-key=\"title\">\n\t\t\t\t\t\t\t\tQuem somos\t\t\t\t\t\t<\/h4>\n\t\t\t\t\t\n\t\t\t\t\t<div class=\"info-box-inner reset-last-child\"data-elementor-setting-key=\"content\"><p class=\"p1\">O que come\u00e7ou como uma pequena equipa com uma grande vis\u00e3o cresceu e tornou-se num fornecedor l\u00edder de escadas, andaimes e sistemas de prote\u00e7\u00e3o de telhados em Espanha. Acreditamos em solu\u00e7\u00f5es inteligentes, estruturas s\u00f3lidas e comunica\u00e7\u00e3o clara.<\/p>\n<\/div>\n\n\t\t\t\t\t\t\t\t\t<\/div>\n\n\t\t\t\t\t\t\t\t\t<a href=\"#\" class=\"wd-info-box-link wd-fill\" aria-label=\"Liga\u00e7\u00e3o Infobox\"><\/a>\n\t\t\t\t\t\t\t<\/div>\n\t\t<\/div>\n\t\t\t\t\t\t<\/div>\n\t\t\t\t<\/div>\n\t\t\t\t<\/div>\n\t\t<div class=\"elementor-element elementor-element-126d80a e-con-full e-flex e-con e-child\" data-id=\"126d80a\" data-element_type=\"container\" data-e-type=\"container\">\n\t\t\t\t<div class=\"elementor-element elementor-element-8cd5422 elementor-widget elementor-widget-wd_infobox\" data-id=\"8cd5422\" data-element_type=\"widget\" data-e-type=\"widget\" data-widget_type=\"wd_infobox.default\">\n\t\t\t\t<div class=\"elementor-widget-container\">\n\t\t\t\t\t\t\t<div class=\"info-box-wrapper\">\n\t\t\t<div class=\"wd-info-box text-left box-icon-align-top box-style-base color-scheme-\">\n\t\t\t\t\n\t\t\t\t<div class=\"info-box-content\">\n\t\t\t\t\t\n\t\t\t\t\t\t\t\t\t\t\t<h4\t\t\t\t\t\tclass=\"info-box-title title box-title-style-default wd-fontsize-m\" data-elementor-setting-key=\"title\">\n\t\t\t\t\t\t\t\tO nosso processo de trabalho\t\t\t\t\t\t<\/h4>\n\t\t\t\t\t\n\t\t\t\t\t<div class=\"info-box-inner reset-last-child\"data-elementor-setting-key=\"content\"><p class=\"p1\">Desde o primeiro contacto at\u00e9 \u00e0 entrega no local: gerimos cada passo com qualidade e com uma aten\u00e7\u00e3o especial \u00e0 seguran\u00e7a. Ouvimos, aconselhamos e cumprimos - sem rodeios.<\/p>\n<\/div>\n\n\t\t\t\t\t\t\t\t\t<\/div>\n\n\t\t\t\t\t\t\t\t\t<a href=\"#\" class=\"wd-info-box-link wd-fill\" aria-label=\"Liga\u00e7\u00e3o Infobox\"><\/a>\n\t\t\t\t\t\t\t<\/div>\n\t\t<\/div>\n\t\t\t\t\t\t<\/div>\n\t\t\t\t<\/div>\n\t\t\t\t<\/div>\n\t\t\t\t\t<\/div>\n\t\t\t\t<\/div>\n\t\t<div class=\"wd-negative-gap elementor-element elementor-element-5ccc438 e-flex e-con-boxed e-con e-parent\" data-id=\"5ccc438\" data-element_type=\"container\" data-e-type=\"container\">\n\t\t\t\t\t<div class=\"e-con-inner\">\n\t\t<div class=\"elementor-element elementor-element-4575572 e-con-full e-flex e-con e-child\" data-id=\"4575572\" data-element_type=\"container\" data-e-type=\"container\">\n\t\t\t\t<div class=\"elementor-element elementor-element-56b39a9 elementor-widget elementor-widget-wd_image_or_svg\" data-id=\"56b39a9\" data-element_type=\"widget\" data-e-type=\"widget\" data-widget_type=\"wd_image_or_svg.default\">\n\t\t\t\t<div class=\"elementor-widget-container\">\n\t\t\t\t\t\n\t\t<div class=\"wd-image text-left\">\n\t\t\t\t\t\t\t\t<img loading=\"lazy\" decoding=\"async\" width=\"915\" height=\"914\" src=\"https:\/\/gapral.es\/wp-content\/uploads\/2025\/05\/Ascensie-Online-Arc-2025-05-13-at-12.17.png\" class=\"attachment-full size-full\" alt=\"\" srcset=\"https:\/\/gapral.es\/wp-content\/uploads\/2025\/05\/Ascensie-Online-Arc-2025-05-13-at-12.17.png 915w, https:\/\/gapral.es\/wp-content\/uploads\/2025\/05\/Ascensie-Online-Arc-2025-05-13-at-12.17-300x300.png 300w, https:\/\/gapral.es\/wp-content\/uploads\/2025\/05\/Ascensie-Online-Arc-2025-05-13-at-12.17-801x800.png 801w, https:\/\/gapral.es\/wp-content\/uploads\/2025\/05\/Ascensie-Online-Arc-2025-05-13-at-12.17-150x150.png 150w, https:\/\/gapral.es\/wp-content\/uploads\/2025\/05\/Ascensie-Online-Arc-2025-05-13-at-12.17-768x767.png 768w, https:\/\/gapral.es\/wp-content\/uploads\/2025\/05\/Ascensie-Online-Arc-2025-05-13-at-12.17-12x12.png 12w, https:\/\/gapral.es\/wp-content\/uploads\/2025\/05\/Ascensie-Online-Arc-2025-05-13-at-12.17-430x430.png 430w, https:\/\/gapral.es\/wp-content\/uploads\/2025\/05\/Ascensie-Online-Arc-2025-05-13-at-12.17-700x700.png 700w\" sizes=\"auto, (max-width: 915px) 100vw, 915px\" \/>\t\t\t\t\t<\/div>\n\n\t\t\t\t\t\t<\/div>\n\t\t\t\t<\/div>\n\t\t\t\t<\/div>\n\t\t<div class=\"elementor-element elementor-element-e8809bf e-con-full e-flex e-con e-child\" data-id=\"e8809bf\" data-element_type=\"container\" data-e-type=\"container\">\n\t\t\t\t<div class=\"elementor-element elementor-element-e2ba82b wd-width-100 elementor-widget elementor-widget-wd_title\" data-id=\"e2ba82b\" data-element_type=\"widget\" data-e-type=\"widget\" data-widget_type=\"wd_title.default\">\n\t\t\t\t<div class=\"elementor-widget-container\">\n\t\t\t\t\t\t\t<div class=\"title-wrapper wd-set-mb reset-last-child wd-title-color-primary wd-title-style-default wd-title-size-large text-left\">\n\n\t\t\t\t\t\t\t\t\t\t\t<div class=\"title-subtitle subtitle-color-primary subtitle-style-default wd-fontsize-xs\">\n\t\t\t\t\tConce\u00e7\u00e3o funcional, estrutura bem pensada\t\t\t\t<\/div>\n\t\t\t\n\t\t\t<div class=\"liner-continer\">\n\t\t\t\t<h4 class=\"woodmart-title-container title wd-fontsize-xxl\">Sobre a nossa loja online<\/h4> \n\t\t\t\t\t\t\t<\/div>\n\n\t\t\t\t\t\t\t<div class=\"title-after_title reset-last-child wd-fontsize-s\">\n\t\t\t\t\t<p>A nossa loja foi concebida a pensar nos profissionais: r\u00e1pida, clara e adaptada \u00e0s necessidades do sector. Quer seja por tipo, aplica\u00e7\u00e3o ou especifica\u00e7\u00e3o, na Gapral encontrar\u00e1 exatamente o que precisa em apenas alguns cliques.<\/p>\t\t\t\t<\/div>\n\t\t\t\t\t<\/div>\n\t\t\t\t\t\t<\/div>\n\t\t\t\t<\/div>\n\t\t\t\t<\/div>\n\t\t\t\t\t<\/div>\n\t\t\t\t<\/div>\n\t\t\t\t<\/div>","protected":false},"excerpt":{"rendered":"<p>Sobre Gapral Trabajo coordinado y pasi\u00f3n por la seguridad. En Gapral, todo gira en torno a la colaboraci\u00f3n bien organizada<\/p>","protected":false},"author":1,"featured_media":0,"parent":0,"menu_order":0,"comment_status":"closed","ping_status":"closed","template":"","meta":{"footnotes":""},"class_list":["post-4400","page","type-page","status-publish","hentry"],"_links":{"self":[{"href":"https:\/\/gapral.es\/pt\/wp-json\/wp\/v2\/pages\/4400","targetHints":{"allow":["GET"]}}],"collection":[{"href":"https:\/\/gapral.es\/pt\/wp-json\/wp\/v2\/pages"}],"about":[{"href":"https:\/\/gapral.es\/pt\/wp-json\/wp\/v2\/types\/page"}],"author":[{"embeddable":true,"href":"https:\/\/gapral.es\/pt\/wp-json\/wp\/v2\/users\/1"}],"replies":[{"embeddable":true,"href":"https:\/\/gapral.es\/pt\/wp-json\/wp\/v2\/comments?post=4400"}],"version-history":[{"count":3,"href":"https:\/\/gapral.es\/pt\/wp-json\/wp\/v2\/pages\/4400\/revisions"}],"predecessor-version":[{"id":23392,"href":"https:\/\/gapral.es\/pt\/wp-json\/wp\/v2\/pages\/4400\/revisions\/23392"}],"wp:attachment":[{"href":"https:\/\/gapral.es\/pt\/wp-json\/wp\/v2\/media?parent=4400"}],"curies":[{"name":"wp","href":"https:\/\/api.w.org\/{rel}","templated":true}]}}