{"id":22943,"date":"2025-09-01T10:30:44","date_gmt":"2025-09-01T10:30:44","guid":{"rendered":"https:\/\/staging.escaleraconjaula.es\/producto\/rss-techo-plano-classic\/"},"modified":"2025-09-02T07:45:57","modified_gmt":"2025-09-02T07:45:57","slug":"rss-techo-plano-classic","status":"publish","type":"product","link":"https:\/\/gapral.es\/pt\/produto\/rss-techo-plano-classic\/","title":{"rendered":"RSS Telhado plano cl\u00e1ssico"},"content":{"rendered":"<p data-start=\"484\" data-end=\"708\">O sistema <strong data-start=\"495\" data-end=\"523\">RSS Telhado plano cl\u00e1ssico<\/strong> foi concebido para telhados planos e distingue-se pela sua <strong data-start=\"582\" data-end=\"616\">simplicidade e facilidade de utiliza\u00e7\u00e3o<\/strong>. \u00c9 constitu\u00eddo apenas por <strong data-start=\"633\" data-end=\"653\">tr\u00eas componentes<\/strong> e \u00e9 <strong data-start=\"659\" data-end=\"705\">leve gra\u00e7as ao alum\u00ednio de alta qualidade<\/strong>.<\/p>\n<p data-start=\"710\" data-end=\"951\">Uma vez instalada no conv\u00e9s, pode ser facilmente levantada para trabalhar por baixo, poupando tempo e esfor\u00e7o. Tudo o que \u00e9 necess\u00e1rio \u00e9 <strong data-start=\"848\" data-end=\"885\">um bloco de bet\u00e3o por suporte<\/strong>e o sistema \u00e9 <strong data-start=\"903\" data-end=\"948\">dobr\u00e1vel para transporte e armazenamento<\/strong>.<\/p>","protected":false},"excerpt":{"rendered":"<p>El sistema RSS Tejado Plano Classic est\u00e1 dise\u00f1ado para cubiertas planas y se distingue por su simplicidad y facilidad de<\/p>","protected":false},"featured_media":22945,"comment_status":"closed","ping_status":"closed","template":"","meta":[],"product_brand":[249],"product_cat":[1863],"product_tag":[],"class_list":{"0":"post-22943","1":"product","2":"type-product","3":"status-publish","4":"has-post-thumbnail","6":"product_brand-roof-safety-systems","7":"product_cat-techo-plano-classic","8":"pa_altura-1903","9":"pa_altura-1889","10":"pa_altura-1901","11":"pa_altura-1902","12":"pa_ancho-anchura-1870","13":"pa_longitud-12m","14":"pa_longitud-16m","15":"pa_longitud-20m","16":"pa_longitud-24m","17":"pa_longitud-28m","18":"pa_longitud-32m","19":"pa_longitud-36m","20":"pa_longitud-40m","21":"pa_longitud-4m","22":"pa_longitud-8m","24":"first","25":"instock","26":"taxable","27":"shipping-taxable","28":"purchasable","29":"product-type-variable"},"_links":{"self":[{"href":"https:\/\/gapral.es\/pt\/wp-json\/wp\/v2\/product\/22943","targetHints":{"allow":["GET"]}}],"collection":[{"href":"https:\/\/gapral.es\/pt\/wp-json\/wp\/v2\/product"}],"about":[{"href":"https:\/\/gapral.es\/pt\/wp-json\/wp\/v2\/types\/product"}],"replies":[{"embeddable":true,"href":"https:\/\/gapral.es\/pt\/wp-json\/wp\/v2\/comments?post=22943"}],"version-history":[{"count":0,"href":"https:\/\/gapral.es\/pt\/wp-json\/wp\/v2\/product\/22943\/revisions"}],"wp:featuredmedia":[{"embeddable":true,"href":"https:\/\/gapral.es\/pt\/wp-json\/wp\/v2\/media\/22945"}],"wp:attachment":[{"href":"https:\/\/gapral.es\/pt\/wp-json\/wp\/v2\/media?parent=22943"}],"wp:term":[{"taxonomy":"product_brand","embeddable":true,"href":"https:\/\/gapral.es\/pt\/wp-json\/wp\/v2\/product_brand?post=22943"},{"taxonomy":"product_cat","embeddable":true,"href":"https:\/\/gapral.es\/pt\/wp-json\/wp\/v2\/product_cat?post=22943"},{"taxonomy":"product_tag","embeddable":true,"href":"https:\/\/gapral.es\/pt\/wp-json\/wp\/v2\/product_tag?post=22943"}],"curies":[{"name":"wp","href":"https:\/\/api.w.org\/{rel}","templated":true}]}}